{"id":6561,"date":"2025-02-23T19:20:50","date_gmt":"2025-02-23T19:20:50","guid":{"rendered":"https:\/\/www.jolyd.com\/?post_type=product&#038;p=6561"},"modified":"2025-09-11T20:17:53","modified_gmt":"2025-09-11T20:17:53","slug":"jl-collier-de-perles-deau-douce","status":"publish","type":"product","link":"https:\/\/www.jolyd.com\/fr\/product\/jl-freshwater-pearl-necklace\/","title":{"rendered":"JL Collier de perles d'eau douce"},"content":{"rendered":"<p data-start=\"249\" data-end=\"516\">Laissez-vous s\u00e9duire par le symbole ultime de la sophistication avec notre <strong data-start=\"307\" data-end=\"366\">Collier de perles d'eau douce 7-8mm et JL plaqu\u00e9 or 18K<\/strong>. Con\u00e7ue pour les femmes qui recherchent un luxe sans effort, cette robe exquise a \u00e9t\u00e9 con\u00e7ue pour les femmes. <strong data-start=\"435\" data-end=\"446\">16 pouces<\/strong> allie admirablement l'\u00e9l\u00e9gance classique \u00e0 l'allure contemporaine.<\/p>\n<p data-start=\"518\" data-end=\"901\">De brillantes perles d'eau douce s\u00e9lectionn\u00e9es \u00e0 la main ornent la moiti\u00e9 du collier, chacune rayonnant d'un \u00e9clat naturel qui rehausse votre beaut\u00e9 \u00e0 chaque fois que vous la portez. L'autre moiti\u00e9 du collier est orn\u00e9e d'un, <strong data-start=\"691\" data-end=\"712\">cha\u00eene plaqu\u00e9e or<\/strong>Ce collier est un contraste moderne, qui d\u00e9gage une impression de confiance et de raffinement. Associ\u00e9 \u00e0 une robe de soir\u00e9e ou rehaussant un look d\u00e9contract\u00e9, ce collier passe sans probl\u00e8me du jour \u00e0 la nuit.<\/p>\n<p data-start=\"903\" data-end=\"1133\">Ce collier de perles d'eau douce JL est plus qu'un accessoire, c'est l'expression de la gr\u00e2ce et de la puissance. <strong data-start=\"994\" data-end=\"1013\">Le luxe intemporel<\/strong>. Parfait pour les occasions sp\u00e9ciales ou comme cadeau pr\u00e9cieux, il est con\u00e7u pour la femme qui ne m\u00e9rite rien d'autre que le meilleur.<\/p>","protected":false},"excerpt":{"rendered":"<ul>\n<li>Perle d'eau douce<\/li>\n<li>Plaqu\u00e9 or<\/li>\n<li>Diam\u00e8tre de la perle : 7-8MM<\/li>\n<\/ul>","protected":false},"featured_media":6612,"comment_status":"open","ping_status":"closed","template":"","meta":[],"product_brand":[],"product_cat":[39],"product_tag":[],"class_list":{"0":"post-6561","1":"product","2":"type-product","3":"status-publish","4":"has-post-thumbnail","6":"product_cat-necklace-pendants-for-women","8":"first","9":"instock","10":"featured","11":"taxable","12":"shipping-taxable","13":"purchasable","14":"product-type-simple","15":"layout-style-6","16":"col-md-4 col-sm-4 col-xs-6","17":"col-lg-1-5","18":"product-has-gallery","19":"product-style-zoom"},"_links":{"self":[{"href":"https:\/\/www.jolyd.com\/fr\/wp-json\/wp\/v2\/product\/6561","targetHints":{"allow":["GET"]}}],"collection":[{"href":"https:\/\/www.jolyd.com\/fr\/wp-json\/wp\/v2\/product"}],"about":[{"href":"https:\/\/www.jolyd.com\/fr\/wp-json\/wp\/v2\/types\/product"}],"replies":[{"embeddable":true,"href":"https:\/\/www.jolyd.com\/fr\/wp-json\/wp\/v2\/comments?post=6561"}],"wp:featuredmedia":[{"embeddable":true,"href":"https:\/\/www.jolyd.com\/fr\/wp-json\/wp\/v2\/media\/6612"}],"wp:attachment":[{"href":"https:\/\/www.jolyd.com\/fr\/wp-json\/wp\/v2\/media?parent=6561"}],"wp:term":[{"taxonomy":"product_brand","embeddable":true,"href":"https:\/\/www.jolyd.com\/fr\/wp-json\/wp\/v2\/product_brand?post=6561"},{"taxonomy":"product_cat","embeddable":true,"href":"https:\/\/www.jolyd.com\/fr\/wp-json\/wp\/v2\/product_cat?post=6561"},{"taxonomy":"product_tag","embeddable":true,"href":"https:\/\/www.jolyd.com\/fr\/wp-json\/wp\/v2\/product_tag?post=6561"}],"curies":[{"name":"wp","href":"https:\/\/api.w.org\/{rel}","templated":true}]}}