{"id":6567,"date":"2025-02-23T20:37:59","date_gmt":"2025-02-23T20:37:59","guid":{"rendered":"https:\/\/www.jolyd.com\/?post_type=product&#038;p=6567"},"modified":"2025-09-11T20:16:19","modified_gmt":"2025-09-11T20:16:19","slug":"collier-camelia-or","status":"publish","type":"product","link":"https:\/\/www.jolyd.com\/fr\/product\/gold-camellia-necklace\/","title":{"rendered":"Collier Cam\u00e9lia en or"},"content":{"rendered":"<p data-start=\"0\" data-end=\"414\">Pr\u00e9sentation de notre <strong data-start=\"16\" data-end=\"77\">Collier Cam\u00e9lia en or 50cm<\/strong>Ce bijou est un m\u00e9lange harmonieux de l'\u00e9l\u00e9gance de la nature et du design contemporain. Cette magnifique pi\u00e8ce comporte des perles naturelles d'eau douce de 7 \u00e0 8 mm, chacune ayant \u00e9t\u00e9 m\u00e9ticuleusement s\u00e9lectionn\u00e9e pour son \u00e9clat et son caract\u00e8re unique. Les perles sont gracieusement dispos\u00e9es le long d'une cha\u00eene \u00e0 maillons de 50 cm, offrant une longueur polyvalente qui s'adapte \u00e0 divers d\u00e9collet\u00e9s et styles.<\/p>\n<p data-start=\"416\" data-end=\"759\">Le collier est orn\u00e9 d'un bouton de cam\u00e9lia fritillaire, symbole de puret\u00e9 et de beaut\u00e9, qui ajoute une touche de sophistication \u00e0 l'ensemble. Fabriqu\u00e9 en laiton de haute qualit\u00e9 et recouvert d'une luxueuse couche d'or, ce collier pr\u00e9sente un attrait intemporel qui convient \u00e0 toutes les occasions, qu'il s'agisse d'un anniversaire, de fian\u00e7ailles ou d'un mariage.<\/p>\n<p data-start=\"761\" data-end=\"1081\">Con\u00e7u pour la femme moderne qui appr\u00e9cie l'\u00e9l\u00e9gance classique, ce collier est l'accessoire id\u00e9al pour rehausser les tenues de tous les jours et celles des occasions sp\u00e9ciales. Sa fabrication exquise et son souci du d\u00e9tail en font un ajout pr\u00e9cieux \u00e0 toute collection de bijoux, incarnant l'essence d'un luxe raffin\u00e9.<\/p>","protected":false},"excerpt":{"rendered":"<ul>\n<li>Laiton<\/li>\n<li>Perle d'eau douce<\/li>\n<li>Cha\u00eene \u00e0 maillons de 50 cm<\/li>\n<\/ul>","protected":false},"featured_media":6569,"comment_status":"open","ping_status":"closed","template":"","meta":[],"product_brand":[],"product_cat":[39],"product_tag":[],"class_list":{"0":"post-6567","1":"product","2":"type-product","3":"status-publish","4":"has-post-thumbnail","6":"product_cat-necklace-pendants-for-women","8":"first","9":"instock","10":"taxable","11":"shipping-taxable","12":"purchasable","13":"product-type-simple","14":"layout-style-6","15":"col-md-4 col-sm-4 col-xs-6","16":"col-lg-1-5","17":"product-has-gallery","18":"product-style-zoom"},"_links":{"self":[{"href":"https:\/\/www.jolyd.com\/fr\/wp-json\/wp\/v2\/product\/6567","targetHints":{"allow":["GET"]}}],"collection":[{"href":"https:\/\/www.jolyd.com\/fr\/wp-json\/wp\/v2\/product"}],"about":[{"href":"https:\/\/www.jolyd.com\/fr\/wp-json\/wp\/v2\/types\/product"}],"replies":[{"embeddable":true,"href":"https:\/\/www.jolyd.com\/fr\/wp-json\/wp\/v2\/comments?post=6567"}],"wp:featuredmedia":[{"embeddable":true,"href":"https:\/\/www.jolyd.com\/fr\/wp-json\/wp\/v2\/media\/6569"}],"wp:attachment":[{"href":"https:\/\/www.jolyd.com\/fr\/wp-json\/wp\/v2\/media?parent=6567"}],"wp:term":[{"taxonomy":"product_brand","embeddable":true,"href":"https:\/\/www.jolyd.com\/fr\/wp-json\/wp\/v2\/product_brand?post=6567"},{"taxonomy":"product_cat","embeddable":true,"href":"https:\/\/www.jolyd.com\/fr\/wp-json\/wp\/v2\/product_cat?post=6567"},{"taxonomy":"product_tag","embeddable":true,"href":"https:\/\/www.jolyd.com\/fr\/wp-json\/wp\/v2\/product_tag?post=6567"}],"curies":[{"name":"wp","href":"https:\/\/api.w.org\/{rel}","templated":true}]}}