{"id":7150,"date":"2026-02-07T21:43:51","date_gmt":"2026-02-07T21:43:51","guid":{"rendered":"https:\/\/www.jolyd.com\/?post_type=product&#038;p=7150"},"modified":"2026-02-23T20:30:39","modified_gmt":"2026-02-23T20:30:39","slug":"le-collier-elizabeth-natural-heritage","status":"publish","type":"product","link":"https:\/\/www.jolyd.com\/fr\/product\/the-elizabeth-natural-heritage-necklace\/","title":{"rendered":"Le collier du patrimoine naturel d'Elizabeth"},"content":{"rendered":"<h2 data-path-to-node=\"0\"><b data-path-to-node=\"0\" data-index-in-node=\"0\">Collier Thee Elizabeth Natural Heritage<\/b><\/h2>\n<p data-path-to-node=\"1\">L'excellence du savoir-faire artisanal et du design intemporel, <b data-path-to-node=\"1\" data-index-in-node=\"74\">Le collier du patrimoine naturel d'Elizabeth<\/b>est un chef-d'\u0153uvre de haute joaillerie. Con\u00e7ue pour les collectionneurs avertis, cette pi\u00e8ce allie l'allure classique des perles des mers du Sud \u00e0 la brillance architecturale d'un sertissage moderne de diamants.<\/p>\n<p data-path-to-node=\"2\">Inspir\u00e9 par l'h\u00e9ritage de l'\u00e9l\u00e9gance royale et de la sym\u00e9trie naturelle, ce collier n'est pas un simple accessoire, mais une d\u00e9claration profonde d'h\u00e9ritage et de luxe.<\/p>\n<hr data-path-to-node=\"3\" \/>\n<h3 data-path-to-node=\"4\"><b data-path-to-node=\"4\" data-index-in-node=\"0\">Conception et art<\/b><\/h3>\n<p data-path-to-node=\"5\"><b data-path-to-node=\"5\" data-index-in-node=\"0\">Le collier du patrimoine naturel d'Elizabeth<\/b> La silhouette sophistiqu\u00e9e de l'open-choker a \u00e9t\u00e9 m\u00e9ticuleusement fabriqu\u00e9e dans des mat\u00e9riaux de qualit\u00e9. <b data-path-to-node=\"5\" data-index-in-node=\"113\">Argent 925<\/b> et baign\u00e9 dans une lumi\u00e8re riche et rayonnante <b data-path-to-node=\"5\" data-index-in-node=\"163\">Placage en or 24k<\/b>. Le design culmine dans deux gouttes terminales \u00e0 couper le souffle, chacune abritant une perle lumineuse et surdimensionn\u00e9e.<\/p>\n<p data-path-to-node=\"6\">Les perles sont couronn\u00e9es par des motifs floraux complexes, sertis d'un pav\u00e9 d'un total de <b data-path-to-node=\"6\" data-index-in-node=\"76\">128 diamants taille brillant<\/b>. Ces pierres rondes et marquises cr\u00e9ent une esth\u00e9tique \u201cNatural Heritage\u201d chatoyante qui capture et r\u00e9fracte la lumi\u00e8re sous tous les angles. <b data-path-to-node=\"6\" data-index-in-node=\"259\">6,30 ct de diamants<\/b>.<\/p>\n<hr data-path-to-node=\"7\" \/>\n<h3 data-path-to-node=\"8\"><b data-path-to-node=\"8\" data-index-in-node=\"0\">Exclusivit\u00e9 et provenance<\/b><\/h3>\n<p data-path-to-node=\"9\">Dans la tradition des plus prestigieuses maisons de joaillerie, l'exclusivit\u00e9 est au c\u0153ur de cette cr\u00e9ation.<\/p>\n<ul data-path-to-node=\"10\">\n<li>\n<p data-path-to-node=\"10,0,0\"><b data-path-to-node=\"10,0,0\" data-index-in-node=\"0\">\u00c9dition limit\u00e9e :<\/b> Il s'agit d'un bijou exceptionnellement rare. Afin de pr\u00e9server sa valeur unique, seuls les <b data-path-to-node=\"10,0,0\" data-index-in-node=\"97\">9 pi\u00e8ces suppl\u00e9mentaires<\/b> sera jamais command\u00e9e au niveau mondial.<\/p>\n<\/li>\n<li>\n<p data-path-to-node=\"10,1,0\"><b data-path-to-node=\"10,1,0\" data-index-in-node=\"0\">Authentification :<\/b> Chaque collier est accompagn\u00e9 d'un <b data-path-to-node=\"10,1,0\" data-index-in-node=\"51\">Authentification IGI<\/b> garantissant la qualit\u00e9 et l'int\u00e9grit\u00e9 des pierres pr\u00e9cieuses.<\/p>\n<\/li>\n<li>\n<p data-path-to-node=\"10,2,0\"><b data-path-to-node=\"10,2,0\" data-index-in-node=\"0\">Signature Craftsmanship :<\/b> Chaque pi\u00e8ce est subtilement grav\u00e9e de l'embl\u00e8me de l'Union europ\u00e9enne. <b data-path-to-node=\"10,2,0\" data-index-in-node=\"65\">Logo JO&amp;LYD<\/b> et un <b data-path-to-node=\"10,2,0\" data-index-in-node=\"90\">num\u00e9ro de s\u00e9rie<\/b>, permettant au propri\u00e9taire de certifier son authenticit\u00e9 par le biais de notre registre priv\u00e9.<\/p>\n<h3 data-path-to-node=\"15\"><b data-path-to-node=\"15\" data-index-in-node=\"0\">L'exp\u00e9rience sur mesure<\/b><\/h3>\n<p data-path-to-node=\"16\">Acquisition <b data-path-to-node=\"16\" data-index-in-node=\"10\">Le collier du patrimoine naturel d'Elizabeth<\/b> est un voyage dans le luxe. Chaque pi\u00e8ce est disponible uniquement via <b data-path-to-node=\"16\" data-index-in-node=\"111\">pr\u00e9commande<\/b>, ce qui n\u00e9cessite environ <b data-path-to-node=\"16\" data-index-in-node=\"146\">40 jours<\/b> de l'assemblage m\u00e9ticuleux \u00e0 la main et du sertissage des pierres.<\/p>\n<p data-path-to-node=\"17\">Pour garantir un lien intime avec la cr\u00e9ation de votre chef-d'\u0153uvre, notre maison fournit <b data-path-to-node=\"17\" data-index-in-node=\"91\">mises \u00e0 jour hebdomadaires<\/b>. Les clients recevront un rapport d'avancement sp\u00e9cifique d\u00e9crivant les diff\u00e9rentes \u00e9tapes de la construction, depuis le moulage initial du m\u00e9tal jusqu'au polissage manuel final et au sertissage des diamants.<\/p>\n<\/li>\n<\/ul>\n<p>&nbsp;<\/p>","protected":false},"excerpt":{"rendered":"<table data-path-to-node=\"13\">\n<thead>\n<tr>\n<td><strong>Fonctionnalit\u00e9<\/strong><\/td>\n<td><strong>D\u00e9tails<\/strong><\/td>\n<\/tr>\n<\/thead>\n<tbody>\n<tr>\n<td><strong>Deux perles d'eau sal\u00e9e Akoya<\/strong><\/td>\n<td>10 mm<\/td>\n<\/tr>\n<tr>\n<td><span data-path-to-node=\"13,2,0,0\"><b data-path-to-node=\"13,2,0,0\" data-index-in-node=\"0\">Poids total des diamants<\/b><\/span><\/td>\n<td><span data-path-to-node=\"13,2,1,0\">6.30ct<\/span><\/td>\n<\/tr>\n<tr>\n<td><span data-path-to-node=\"13,3,0,0\"><b data-path-to-node=\"13,3,0,0\" data-index-in-node=\"0\">Quantit\u00e9 de diamants<\/b><\/span><\/td>\n<td><span data-path-to-node=\"13,3,1,0\">128 pi\u00e8ces<\/span><\/td>\n<\/tr>\n<tr>\n<td><span data-path-to-node=\"13,4,0,0\"><b data-path-to-node=\"13,4,0,0\" data-index-in-node=\"0\">Base en m\u00e9tal<\/b><\/span><\/td>\n<td><span data-path-to-node=\"13,4,1,0\">Argent 925<\/span><\/td>\n<\/tr>\n<tr>\n<td><span data-path-to-node=\"13,5,0,0\"><b data-path-to-node=\"13,5,0,0\" data-index-in-node=\"0\">Finition<\/b><\/span><\/td>\n<td><span data-path-to-node=\"13,5,1,0\">Plaqu\u00e9 or 24k<\/span><\/td>\n<\/tr>\n<tr>\n<td><span data-path-to-node=\"13,6,0,0\"><b data-path-to-node=\"13,6,0,0\" data-index-in-node=\"0\">Longueur<\/b><\/span><\/td>\n<td><span data-path-to-node=\"13,6,1,0\">12cm<\/span><\/td>\n<\/tr>\n<tr>\n<td><span data-path-to-node=\"13,7,0,0\"><b data-path-to-node=\"13,7,0,0\" data-index-in-node=\"0\">Certification<\/b><\/span><\/td>\n<td><span data-path-to-node=\"13,7,1,0\">IGI authentifi\u00e9<\/span><\/td>\n<\/tr>\n<\/tbody>\n<\/table>","protected":false},"featured_media":7158,"comment_status":"open","ping_status":"closed","template":"","meta":[],"product_brand":[],"product_cat":[39],"product_tag":[],"class_list":{"0":"post-7150","1":"product","2":"type-product","3":"status-publish","4":"has-post-thumbnail","6":"product_cat-necklace-pendants-for-women","8":"first","9":"instock","10":"taxable","11":"shipping-taxable","12":"purchasable","13":"product-type-variable","14":"layout-style-6","15":"col-md-4 col-sm-4 col-xs-6","16":"col-lg-1-5","17":"product-has-gallery","18":"product-style-zoom"},"_links":{"self":[{"href":"https:\/\/www.jolyd.com\/fr\/wp-json\/wp\/v2\/product\/7150","targetHints":{"allow":["GET"]}}],"collection":[{"href":"https:\/\/www.jolyd.com\/fr\/wp-json\/wp\/v2\/product"}],"about":[{"href":"https:\/\/www.jolyd.com\/fr\/wp-json\/wp\/v2\/types\/product"}],"replies":[{"embeddable":true,"href":"https:\/\/www.jolyd.com\/fr\/wp-json\/wp\/v2\/comments?post=7150"}],"wp:featuredmedia":[{"embeddable":true,"href":"https:\/\/www.jolyd.com\/fr\/wp-json\/wp\/v2\/media\/7158"}],"wp:attachment":[{"href":"https:\/\/www.jolyd.com\/fr\/wp-json\/wp\/v2\/media?parent=7150"}],"wp:term":[{"taxonomy":"product_brand","embeddable":true,"href":"https:\/\/www.jolyd.com\/fr\/wp-json\/wp\/v2\/product_brand?post=7150"},{"taxonomy":"product_cat","embeddable":true,"href":"https:\/\/www.jolyd.com\/fr\/wp-json\/wp\/v2\/product_cat?post=7150"},{"taxonomy":"product_tag","embeddable":true,"href":"https:\/\/www.jolyd.com\/fr\/wp-json\/wp\/v2\/product_tag?post=7150"}],"curies":[{"name":"wp","href":"https:\/\/api.w.org\/{rel}","templated":true}]}}